{"id":979,"date":"2025-07-30T18:38:38","date_gmt":"2025-07-30T10:38:38","guid":{"rendered":"https:\/\/aura-ltd-jp.com\/?post_type=product&#038;p=979"},"modified":"2025-09-04T10:56:54","modified_gmt":"2025-09-04T02:56:54","slug":"aura%e9%87%a3%e9%ad%9a%e6%8e%92%e6%b1%97%e8%a1%ab","status":"publish","type":"product","link":"https:\/\/aura-ltd-jp.com\/vn\/product\/aura%e9%87%a3%e9%ad%9a%e6%8e%92%e6%b1%97%e8%a1%ab\/","title":{"rendered":"AURA \u00c1o nhanh kh\u00f4"},"content":{"rendered":"<h3 style=\"text-align: center\">T\u00ednh n\u0103ng ch\u00ednh<\/h3>\n<h2 style=\"text-align: center\">Ch\u1ed1ng UV hi\u1ec7u qu\u1ea3, b\u1ea3o v\u1ec7 da c\u1ea3 ng\u00e0y<\/h2>\n<p><img fetchpriority=\"high\" decoding=\"async\" class=\"size-full wp-image-986 aligncenter\" src=\"https:\/\/aura-ltd-jp.com\/vn\/wp-content\/uploads\/2025\/07\/\u4f7f\u7528\u4f8b01_\u5df2\u88c1\u5207-4.jpg\" alt=\"\" width=\"700\" height=\"400\" srcset=\"https:\/\/aura-ltd-jp.com\/vn\/wp-content\/uploads\/2025\/07\/\u4f7f\u7528\u4f8b01_\u5df2\u88c1\u5207-4.jpg 700w, https:\/\/aura-ltd-jp.com\/vn\/wp-content\/uploads\/2025\/07\/\u4f7f\u7528\u4f8b01_\u5df2\u88c1\u5207-4-300x171.jpg 300w, https:\/\/aura-ltd-jp.com\/vn\/wp-content\/uploads\/2025\/07\/\u4f7f\u7528\u4f8b01_\u5df2\u88c1\u5207-4-600x343.jpg 600w\" sizes=\"(max-width: 700px) 100vw, 700px\" \/><\/p>\n<p style=\"text-align: center\">V\u1ea3i c\u00f3 kh\u1ea3 n\u0103ng ch\u1ed1ng tia UV, gi\u1ea3m t\u00e1c \u0111\u1ed9ng t\u1eeb \u00e1nh n\u1eafng, gi\u00fap b\u1ea1n y\u00ean t\u00e2m h\u01a1n khi \u0111i c\u00e2u ngo\u00e0i tr\u1eddi.<\/p>\n<p>&nbsp;<\/p>\n<h2 style=\"text-align: center\">Co gi\u00e3n linh ho\u1ea1t, tho\u1ea3i m\u00e1i v\u1eadn \u0111\u1ed9ng<\/h2>\n<p style=\"text-align: center\"><img decoding=\"async\" class=\"alignnone size-full wp-image-988\" src=\"https:\/\/aura-ltd-jp.com\/vn\/wp-content\/uploads\/2025\/07\/\u4f7f\u7528\u4f8b03_\u5df2\u88c1\u5207-2.jpg\" alt=\"\" width=\"700\" height=\"400\" srcset=\"https:\/\/aura-ltd-jp.com\/vn\/wp-content\/uploads\/2025\/07\/\u4f7f\u7528\u4f8b03_\u5df2\u88c1\u5207-2.jpg 700w, https:\/\/aura-ltd-jp.com\/vn\/wp-content\/uploads\/2025\/07\/\u4f7f\u7528\u4f8b03_\u5df2\u88c1\u5207-2-300x171.jpg 300w, https:\/\/aura-ltd-jp.com\/vn\/wp-content\/uploads\/2025\/07\/\u4f7f\u7528\u4f8b03_\u5df2\u88c1\u5207-2-600x343.jpg 600w\" sizes=\"(max-width: 700px) 100vw, 700px\" \/><\/p>\n<p style=\"text-align: center\">Ch\u1ea5t li\u1ec7u co gi\u00e3n 4 chi\u1ec1u, k\u00e9o m\u00e0 kh\u00f4ng bi\u1ebfn d\u1ea1ng, k\u1ebft h\u1ee3p c\u1eaft may\u7acb\u4f53 (\u7acb\u9ad4\u526a\u88c1) gi\u00fap \u0111\u00e1p \u1ee9ng m\u1ecdi \u0111\u1ed9ng t\u00e1c khi c\u00e2u c\u00e1.<\/p>\n<p>&nbsp;<\/p>\n<h2 style=\"text-align: center\">H\u00fat \u1ea9m nhanh, tr\u00e1nh c\u1ea3m gi\u00e1c b\u00ed \u1ea9m<\/h2>\n<p style=\"text-align: center\"><img decoding=\"async\" class=\"alignnone size-full wp-image-989\" src=\"https:\/\/aura-ltd-jp.com\/vn\/wp-content\/uploads\/2025\/07\/\u4f7f\u7528\u4f8b02_\u5df2\u88c1\u5207-3.jpg\" alt=\"\" width=\"700\" height=\"400\" srcset=\"https:\/\/aura-ltd-jp.com\/vn\/wp-content\/uploads\/2025\/07\/\u4f7f\u7528\u4f8b02_\u5df2\u88c1\u5207-3.jpg 700w, https:\/\/aura-ltd-jp.com\/vn\/wp-content\/uploads\/2025\/07\/\u4f7f\u7528\u4f8b02_\u5df2\u88c1\u5207-3-300x171.jpg 300w, https:\/\/aura-ltd-jp.com\/vn\/wp-content\/uploads\/2025\/07\/\u4f7f\u7528\u4f8b02_\u5df2\u88c1\u5207-3-600x343.jpg 600w\" sizes=\"(max-width: 700px) 100vw, 700px\" \/><\/p>\n<p style=\"text-align: center\">S\u1ee3i v\u1ea3i d\u1eabn m\u1ed3 h\u00f4i nhanh v\u00e0 bay h\u01a1i, m\u1eb7c l\u00e2u v\u1eabn kh\u00f4ng d\u00ednh, gi\u1eef c\u01a1 th\u1ec3 lu\u00f4n kh\u00f4 tho\u00e1ng.<\/p>\n<p>&nbsp;<\/p>\n<h2 style=\"text-align: center\">M\u1ec1m m\u1ea1i, th\u00e2n thi\u1ec7n v\u1edbi da, tho\u00e1ng kh\u00ed<\/h2>\n<p style=\"text-align: center\"><img loading=\"lazy\" decoding=\"async\" class=\"alignnone size-full wp-image-987\" src=\"https:\/\/aura-ltd-jp.com\/vn\/wp-content\/uploads\/2025\/07\/\u4f7f\u7528\u4f8b04_\u5df2\u88c1\u5207-2.jpg\" alt=\"\" width=\"700\" height=\"400\" srcset=\"https:\/\/aura-ltd-jp.com\/vn\/wp-content\/uploads\/2025\/07\/\u4f7f\u7528\u4f8b04_\u5df2\u88c1\u5207-2.jpg 700w, https:\/\/aura-ltd-jp.com\/vn\/wp-content\/uploads\/2025\/07\/\u4f7f\u7528\u4f8b04_\u5df2\u88c1\u5207-2-300x171.jpg 300w, https:\/\/aura-ltd-jp.com\/vn\/wp-content\/uploads\/2025\/07\/\u4f7f\u7528\u4f8b04_\u5df2\u88c1\u5207-2-600x343.jpg 600w\" sizes=\"(max-width: 700px) 100vw, 700px\" \/><\/p>\n<p style=\"text-align: center\">C\u1ea3m gi\u00e1c nh\u1eb9 nh\u00e0ng, m\u1ecbn m\u00e0ng gi\u1ea3m ma s\u00e1t, k\u1ebft h\u1ee3p c\u1ea5u tr\u00fac th\u00f4ng tho\u00e1ng, n\u00e2ng cao tr\u1ea3i nghi\u1ec7m tho\u1ea3i m\u00e1i t\u1ed5ng th\u1ec3.<\/p>\n<h2 style=\"text-align: center\">B\u1ec1n khi gi\u1eb7t v\u00e0 ph\u01a1i n\u1eafng, kh\u00f4ng phai m\u00e0u hay bi\u1ebfn d\u1ea1ng<\/h2>\n<p style=\"text-align: center\">Th\u00edch \u1ee9ng v\u1edbi m\u00f4i tr\u01b0\u1eddng ngo\u00e0i tr\u1eddi, gi\u1eb7t v\u00e0 ph\u01a1i n\u1eafng nhi\u1ec1u l\u1ea7n, m\u1eb7c l\u00e2u v\u1eabn gi\u1eef form d\u00e1ng v\u00e0 m\u00e0u s\u1eafc nh\u01b0 m\u1edbi.<\/p>\n<p>&nbsp;<\/p>\n<h3 style=\"text-align: center\">Th\u00f4ng s\u1ed1 s\u1ea3n ph\u1ea9m<\/h3>\n<p><img loading=\"lazy\" decoding=\"async\" class=\"size-large wp-image-1663 aligncenter\" src=\"https:\/\/aura-ltd-jp.com\/vn\/wp-content\/uploads\/2025\/07\/\u6392\u6c57\u886b_\u7522\u54c1\u8a73\u7d30\u8868\u683c_\u8d8a\u5357\u6587-1024x321.jpg\" alt=\"\" width=\"1024\" height=\"321\" srcset=\"https:\/\/aura-ltd-jp.com\/vn\/wp-content\/uploads\/2025\/07\/\u6392\u6c57\u886b_\u7522\u54c1\u8a73\u7d30\u8868\u683c_\u8d8a\u5357\u6587-1024x321.jpg 1024w, https:\/\/aura-ltd-jp.com\/vn\/wp-content\/uploads\/2025\/07\/\u6392\u6c57\u886b_\u7522\u54c1\u8a73\u7d30\u8868\u683c_\u8d8a\u5357\u6587-300x94.jpg 300w, https:\/\/aura-ltd-jp.com\/vn\/wp-content\/uploads\/2025\/07\/\u6392\u6c57\u886b_\u7522\u54c1\u8a73\u7d30\u8868\u683c_\u8d8a\u5357\u6587-768x240.jpg 768w, https:\/\/aura-ltd-jp.com\/vn\/wp-content\/uploads\/2025\/07\/\u6392\u6c57\u886b_\u7522\u54c1\u8a73\u7d30\u8868\u683c_\u8d8a\u5357\u6587-1536x481.jpg 1536w, https:\/\/aura-ltd-jp.com\/vn\/wp-content\/uploads\/2025\/07\/\u6392\u6c57\u886b_\u7522\u54c1\u8a73\u7d30\u8868\u683c_\u8d8a\u5357\u6587-2048x641.jpg 2048w, https:\/\/aura-ltd-jp.com\/vn\/wp-content\/uploads\/2025\/07\/\u6392\u6c57\u886b_\u7522\u54c1\u8a73\u7d30\u8868\u683c_\u8d8a\u5357\u6587-600x188.jpg 600w\" sizes=\"(max-width: 1024px) 100vw, 1024px\" \/><\/p>\n","protected":false},"excerpt":{"rendered":"<p><strong data-start=\"25\" data-end=\"83\">V\u1eeba l\u00ean b\u1edd \u0111\u00e3 c\u1ea3m th\u1ea5y to\u00e0n th\u00e2n d\u00ednh nh\u1edbt v\u00e0 n\u00f3ng b\u00ed?<\/strong><br data-start=\"83\" data-end=\"86\" \/>\u00c1o th\u1ea5m m\u1ed3 h\u00f4i, kh\u00f4 nhanh \u0111\u01b0\u1ee3c thi\u1ebft k\u1ebf chuy\u00ean d\u1ee5ng cho c\u00e2u c\u00e1 bi\u1ec3n, c\u00e2u c\u00e1 tr\u00ean gh\u1ec1nh v\u00e0 m\u00f4i tr\u01b0\u1eddng n\u00f3ng \u1ea9m,nh\u1eb9, tho\u00e1ng kh\u00ed, d\u1eabn \u1ea9m v\u00e0 t\u1ecfa nhi\u1ec7t hi\u1ec7u qu\u1ea3, gi\u1eef c\u01a1 th\u1ec3 lu\u00f4n kh\u00f4 tho\u00e1ng, gi\u00fap b\u1ea1n t\u1eadp trung t\u1ed1i \u0111a v\u00e0o m\u1ed7i tr\u1eadn chi\u1ebfn v\u1edbi c\u00e1!<\/p>\n<hr \/>\n<p data-start=\"352\" data-end=\"399\"><strong data-start=\"352\" data-end=\"366\">Ch\u1ea5t li\u1ec7u:<\/strong> 100% s\u1ee3i polyester (POLYESTER)<\/p>\n<p data-start=\"401\" data-end=\"553\">\u2605 <strong data-start=\"403\" data-end=\"415\">Ch\u1ed1ng UV<\/strong><br data-start=\"415\" data-end=\"418\" \/>\u2605 <strong data-start=\"420\" data-end=\"446\">Co gi\u00e3n cao, tho\u1ea3i m\u00e1i<\/strong><br data-start=\"446\" data-end=\"449\" \/>\u2605 <strong data-start=\"451\" data-end=\"476\">H\u00fat \u1ea9m &amp; tho\u00e1t m\u1ed3 h\u00f4i<\/strong><br data-start=\"476\" data-end=\"479\" \/>\u2605 <strong data-start=\"481\" data-end=\"514\">Th\u00e2n thi\u1ec7n v\u1edbi da, tho\u00e1ng kh\u00ed<\/strong><br data-start=\"514\" data-end=\"517\" \/>\u2605 <strong data-start=\"519\" data-end=\"551\">B\u1ec1n khi gi\u1eb7t, kh\u00f4ng phai m\u00e0u<\/strong><\/p>\n<p>H\u01b0\u1edbng d\u1eabn gi\u1eb7t:<\/p>\n<ol>\n<li data-start=\"580\" data-end=\"601\">Gi\u1eb7t n\u01b0\u1edbc d\u01b0\u1edbi 40\u00b0C<\/li>\n<li data-start=\"605\" data-end=\"622\">C\u00f3 th\u1ec3 gi\u1eb7t kh\u00f4<\/li>\n<li data-start=\"626\" data-end=\"663\">Kh\u00f4ng d\u00f9ng ch\u1ea5t t\u1ea9y v\u1edbi qu\u1ea7n \u00e1o m\u00e0u<\/li>\n<li data-start=\"667\" data-end=\"687\">Kh\u00f4ng s\u1ea5y b\u1eb1ng m\u00e1y<\/li>\n<li data-start=\"691\" data-end=\"725\">\u1ee6i \u1edf nhi\u1ec7t \u0111\u1ed9 120\u00b0C k\u00e8m kh\u0103n l\u00f3t<\/li>\n<\/ol>\n<p><strong data-start=\"727\" data-end=\"748\">Th\u00f4ng s\u1ed1 chi ti\u1ebft<\/strong> vui l\u00f2ng xem t\u1ea1i m\u1ee5c \u201cB\u1ea3ng th\u00f4ng s\u1ed1 s\u1ea3n ph\u1ea9m\u201d b\u00ean d\u01b0\u1edbi<\/p>\n","protected":false},"featured_media":980,"template":"","meta":[],"product_brand":[],"product_cat":[22],"product_tag":[],"class_list":{"0":"post-979","1":"product","2":"type-product","3":"status-publish","4":"has-post-thumbnail","6":"product_cat-quan-ao","8":"first","9":"instock","10":"shipping-taxable","11":"purchasable","12":"product-type-simple"},"_links":{"self":[{"href":"https:\/\/aura-ltd-jp.com\/vn\/wp-json\/wp\/v2\/product\/979","targetHints":{"allow":["GET"]}}],"collection":[{"href":"https:\/\/aura-ltd-jp.com\/vn\/wp-json\/wp\/v2\/product"}],"about":[{"href":"https:\/\/aura-ltd-jp.com\/vn\/wp-json\/wp\/v2\/types\/product"}],"wp:featuredmedia":[{"embeddable":true,"href":"https:\/\/aura-ltd-jp.com\/vn\/wp-json\/wp\/v2\/media\/980"}],"wp:attachment":[{"href":"https:\/\/aura-ltd-jp.com\/vn\/wp-json\/wp\/v2\/media?parent=979"}],"wp:term":[{"taxonomy":"product_brand","embeddable":true,"href":"https:\/\/aura-ltd-jp.com\/vn\/wp-json\/wp\/v2\/product_brand?post=979"},{"taxonomy":"product_cat","embeddable":true,"href":"https:\/\/aura-ltd-jp.com\/vn\/wp-json\/wp\/v2\/product_cat?post=979"},{"taxonomy":"product_tag","embeddable":true,"href":"https:\/\/aura-ltd-jp.com\/vn\/wp-json\/wp\/v2\/product_tag?post=979"}],"curies":[{"name":"wp","href":"https:\/\/api.w.org\/{rel}","templated":true}]}}